{"id":9600,"date":"2023-09-28T22:04:10","date_gmt":"2023-09-28T22:04:10","guid":{"rendered":"https:\/\/tiendaenlinea.hlglobalelectric.com\/magento\/producto\/7760051006\/"},"modified":"2023-10-31T23:04:39","modified_gmt":"2023-10-31T23:04:39","slug":"7760051006","status":"publish","type":"product","link":"https:\/\/tiendaenlinea.hlglobalelectric.com\/magento\/producto\/7760051006\/","title":{"rendered":"7760051006"},"content":{"rendered":"<p>Medici\u00f3n\/visualizaci\u00f3n de potencia de la red monof\u00e1sica, trif\u00e1sica, uso de CT, salida de impulso, entrada\/salida digital, Modbus RTU, Modbus TCP\/IP, Gateway.<br \/>\n-Temperatura de almacenamiento -40 C&#8230;70C<br \/>\n-Temperatura de servicio -25 C&#8230;55 C<br \/>\n-Cuadrantes 4, sistema 3-hilos y 4-hilos<br \/>\n-Precisi\u00f3n de medici\u00f3n de la tensi\u00f3n 0,5 %<br \/>\n-Rango de medida, tensi\u00f3n L-L, AC 50600 V<br \/>\n-Rango de medida, tensi\u00f3n L-N, AC 50345 V<br \/>\n-Interfaz RS485, Ethernet<br \/>\n-Protocolo Modbus RTU, Modbus\/TCP (Port 502), Modbus-Gateway. Tensi\u00f3n de alimentaci\u00f3n: 75\/270 VAC, 100\/380 VDC<br \/>\nEntradas\/Salidas digitales: 4\/2 y una salida de pulso. Medici\u00f3n de Tensi\u00f3n, Valor medido actual, Corriente, Potencia aparente, Potencia reactiva, Factor de potencia, Frecuencia, Demanda de energ\u00eda de importaci\u00f3n\/exportaci\u00f3n activa, Energ\u00eda de importaci\u00f3n\/exportaci\u00f3n activa total, energ\u00eda de importaci\u00f3n\/exportaci\u00f3n reactiva total, Demanda de energ\u00eda de sistema total.<\/p>\n<p>Contenido: 1 Pieza<\/p>\n<p>Numero de parte: 7760051006<\/p>\n<p>Marca: Weidmuller<\/p>\n<p><a href=\"https:\/\/catalog.weidmueller.com\/catalog\/Start.do?localeId=es&amp;ObjectID=7760051006\">FICHA TECNICA<\/a><\/p>\n","protected":false},"excerpt":{"rendered":"<p>Medidor de Energia<\/p>\n","protected":false},"featured_media":9632,"template":"","meta":{"site-sidebar-layout":"default","site-content-layout":"","ast-site-content-layout":"default","site-content-style":"default","site-sidebar-style":"default","ast-global-header-display":"","ast-banner-title-visibility":"","ast-main-header-display":"","ast-hfb-above-header-display":"","ast-hfb-below-header-display":"","ast-hfb-mobile-header-display":"","site-post-title":"","ast-breadcrumbs-content":"","ast-featured-img":"","footer-sml-layout":"","theme-transparent-header-meta":"default","adv-header-id-meta":"","stick-header-meta":"","header-above-stick-meta":"","header-main-stick-meta":"","header-below-stick-meta":"","astra-migrate-meta-layouts":"set","ast-page-background-enabled":"default","ast-page-background-meta":{"desktop":{"background-color":"var(--ast-global-color-4)","background-image":"","background-repeat":"repeat","background-position":"center center","background-size":"auto","background-attachment":"scroll","background-type":"","background-media":"","overlay-type":"","overlay-color":"","overlay-opacity":"","overlay-gradient":""},"tablet":{"background-color":"","background-image":"","background-repeat":"repeat","background-position":"center center","background-size":"auto","background-attachment":"scroll","background-type":"","background-media":"","overlay-type":"","overlay-color":"","overlay-opacity":"","overlay-gradient":""},"mobile":{"background-color":"","background-image":"","background-repeat":"repeat","background-position":"center center","background-size":"auto","background-attachment":"scroll","background-type":"","background-media":"","overlay-type":"","overlay-color":"","overlay-opacity":"","overlay-gradient":""}},"ast-content-background-meta":{"desktop":{"background-color":"var(--ast-global-color-5)","background-image":"","background-repeat":"repeat","background-position":"center center","background-size":"auto","background-attachment":"scroll","background-type":"","background-media":"","overlay-type":"","overlay-color":"","overlay-opacity":"","overlay-gradient":""},"tablet":{"background-color":"var(--ast-global-color-5)","background-image":"","background-repeat":"repeat","background-position":"center center","background-size":"auto","background-attachment":"scroll","background-type":"","background-media":"","overlay-type":"","overlay-color":"","overlay-opacity":"","overlay-gradient":""},"mobile":{"background-color":"var(--ast-global-color-5)","background-image":"","background-repeat":"repeat","background-position":"center center","background-size":"auto","background-attachment":"scroll","background-type":"","background-media":"","overlay-type":"","overlay-color":"","overlay-opacity":"","overlay-gradient":""}}},"product_brand":[],"product_cat":[65],"product_tag":[128],"class_list":{"0":"post-9600","1":"product","2":"type-product","3":"status-publish","4":"has-post-thumbnail","6":"product_cat-automatizacion","7":"product_tag-128","8":"desktop-align-center","9":"tablet-align-left","10":"mobile-align-left","12":"first","13":"instock","14":"taxable","15":"shipping-taxable","16":"purchasable","17":"product-type-simple"},"_links":{"self":[{"href":"https:\/\/tiendaenlinea.hlglobalelectric.com\/magento\/wp-json\/wp\/v2\/product\/9600","targetHints":{"allow":["GET"]}}],"collection":[{"href":"https:\/\/tiendaenlinea.hlglobalelectric.com\/magento\/wp-json\/wp\/v2\/product"}],"about":[{"href":"https:\/\/tiendaenlinea.hlglobalelectric.com\/magento\/wp-json\/wp\/v2\/types\/product"}],"wp:featuredmedia":[{"embeddable":true,"href":"https:\/\/tiendaenlinea.hlglobalelectric.com\/magento\/wp-json\/wp\/v2\/media\/9632"}],"wp:attachment":[{"href":"https:\/\/tiendaenlinea.hlglobalelectric.com\/magento\/wp-json\/wp\/v2\/media?parent=9600"}],"wp:term":[{"taxonomy":"product_brand","embeddable":true,"href":"https:\/\/tiendaenlinea.hlglobalelectric.com\/magento\/wp-json\/wp\/v2\/product_brand?post=9600"},{"taxonomy":"product_cat","embeddable":true,"href":"https:\/\/tiendaenlinea.hlglobalelectric.com\/magento\/wp-json\/wp\/v2\/product_cat?post=9600"},{"taxonomy":"product_tag","embeddable":true,"href":"https:\/\/tiendaenlinea.hlglobalelectric.com\/magento\/wp-json\/wp\/v2\/product_tag?post=9600"}],"curies":[{"name":"wp","href":"https:\/\/api.w.org\/{rel}","templated":true}]}}