{"id":7214,"date":"2023-08-22T23:23:47","date_gmt":"2023-08-22T23:23:47","guid":{"rendered":"https:\/\/tiendaenlinea.hlglobalelectric.com\/magento\/producto\/s18sp6ff50-02769\/"},"modified":"2023-09-06T17:31:05","modified_gmt":"2023-09-06T17:31:05","slug":"s18sp6ff50-02769","status":"publish","type":"product","link":"https:\/\/tiendaenlinea.hlglobalelectric.com\/magento\/producto\/s18sp6ff50-02769\/","title":{"rendered":"S18SP6FF50-02769"},"content":{"rendered":"<p>Sensor fotoel\u00e9ctrico de la serie S18, luz infrarroja, difuso, alimentaci\u00f3n de 10 a 30 VDC, rango de 50mm, salida discreta tipo PNP, operaci\u00f3n oscuro, carcasa de termoplastico tipo barril M18, temperatura de operaci\u00f3n de -40? a 70? C. IP67\/IP69K. Conexi\u00f3n mediante cable de 2m. No. de parte: 02769<\/p>\n<p>Ficha tecnica: https:\/\/info.bannerengineering.com\/cs\/groups\/public\/documents\/literature\/116159.pdf<\/p>\n","protected":false},"excerpt":{"rendered":"<p>Sensorfotoelectrico,50mm,PNP,cable2m<\/p>\n","protected":false},"featured_media":8940,"template":"","meta":{"site-sidebar-layout":"default","site-content-layout":"default","ast-site-content-layout":"default","site-content-style":"default","site-sidebar-style":"default","ast-global-header-display":"","ast-banner-title-visibility":"","ast-main-header-display":"","ast-hfb-above-header-display":"","ast-hfb-below-header-display":"","ast-hfb-mobile-header-display":"","site-post-title":"","ast-breadcrumbs-content":"","ast-featured-img":"","footer-sml-layout":"","theme-transparent-header-meta":"default","adv-header-id-meta":"","stick-header-meta":"","header-above-stick-meta":"","header-main-stick-meta":"","header-below-stick-meta":"","astra-migrate-meta-layouts":"default","ast-page-background-enabled":"default","ast-page-background-meta":{"desktop":{"background-color":"var(--ast-global-color-4)","background-image":"","background-repeat":"repeat","background-position":"center center","background-size":"auto","background-attachment":"scroll","background-type":"","background-media":"","overlay-type":"","overlay-color":"","overlay-opacity":"","overlay-gradient":""},"tablet":{"background-color":"","background-image":"","background-repeat":"repeat","background-position":"center center","background-size":"auto","background-attachment":"scroll","background-type":"","background-media":"","overlay-type":"","overlay-color":"","overlay-opacity":"","overlay-gradient":""},"mobile":{"background-color":"","background-image":"","background-repeat":"repeat","background-position":"center center","background-size":"auto","background-attachment":"scroll","background-type":"","background-media":"","overlay-type":"","overlay-color":"","overlay-opacity":"","overlay-gradient":""}},"ast-content-background-meta":{"desktop":{"background-color":"var(--ast-global-color-5)","background-image":"","background-repeat":"repeat","background-position":"center center","background-size":"auto","background-attachment":"scroll","background-type":"","background-media":"","overlay-type":"","overlay-color":"","overlay-opacity":"","overlay-gradient":""},"tablet":{"background-color":"var(--ast-global-color-5)","background-image":"","background-repeat":"repeat","background-position":"center center","background-size":"auto","background-attachment":"scroll","background-type":"","background-media":"","overlay-type":"","overlay-color":"","overlay-opacity":"","overlay-gradient":""},"mobile":{"background-color":"var(--ast-global-color-5)","background-image":"","background-repeat":"repeat","background-position":"center center","background-size":"auto","background-attachment":"scroll","background-type":"","background-media":"","overlay-type":"","overlay-color":"","overlay-opacity":"","overlay-gradient":""}}},"product_brand":[],"product_cat":[65],"product_tag":[113],"class_list":{"0":"post-7214","1":"product","2":"type-product","3":"status-publish","4":"has-post-thumbnail","6":"product_cat-automatizacion","7":"product_tag-113","8":"desktop-align-center","9":"tablet-align-left","10":"mobile-align-left","12":"first","13":"instock","14":"taxable","15":"shipping-taxable","16":"purchasable","17":"product-type-simple"},"_links":{"self":[{"href":"https:\/\/tiendaenlinea.hlglobalelectric.com\/magento\/wp-json\/wp\/v2\/product\/7214","targetHints":{"allow":["GET"]}}],"collection":[{"href":"https:\/\/tiendaenlinea.hlglobalelectric.com\/magento\/wp-json\/wp\/v2\/product"}],"about":[{"href":"https:\/\/tiendaenlinea.hlglobalelectric.com\/magento\/wp-json\/wp\/v2\/types\/product"}],"wp:featuredmedia":[{"embeddable":true,"href":"https:\/\/tiendaenlinea.hlglobalelectric.com\/magento\/wp-json\/wp\/v2\/media\/8940"}],"wp:attachment":[{"href":"https:\/\/tiendaenlinea.hlglobalelectric.com\/magento\/wp-json\/wp\/v2\/media?parent=7214"}],"wp:term":[{"taxonomy":"product_brand","embeddable":true,"href":"https:\/\/tiendaenlinea.hlglobalelectric.com\/magento\/wp-json\/wp\/v2\/product_brand?post=7214"},{"taxonomy":"product_cat","embeddable":true,"href":"https:\/\/tiendaenlinea.hlglobalelectric.com\/magento\/wp-json\/wp\/v2\/product_cat?post=7214"},{"taxonomy":"product_tag","embeddable":true,"href":"https:\/\/tiendaenlinea.hlglobalelectric.com\/magento\/wp-json\/wp\/v2\/product_tag?post=7214"}],"curies":[{"name":"wp","href":"https:\/\/api.w.org\/{rel}","templated":true}]}}