{"id":5489,"date":"2023-08-03T23:18:16","date_gmt":"2023-08-03T23:18:16","guid":{"rendered":"https:\/\/tiendaenlinea.hlglobalelectric.com\/magento\/producto\/9200580000\/"},"modified":"2023-09-12T16:20:48","modified_gmt":"2023-09-12T16:20:48","slug":"9200580000","status":"publish","type":"product","link":"https:\/\/tiendaenlinea.hlglobalelectric.com\/magento\/producto\/9200580000\/","title":{"rendered":"9200580000"},"content":{"rendered":"<p>40003693 &#8211; Terminal manguitos macho, fijaci\u00f3n: 1\/4, pre aislado rojo, cobre esta\u00f1ado, 16 a 22 AWG, AMP<\/p>\n<p><strong>Paquete con 100 piezas\u00a0<\/strong><\/p>\n<p>En caso de requerir m\u00e1s informaci\u00f3n t\u00e9cnica , contactar a su vendedor.<\/p>\n<p>Ficha T\u00e9cnica:<\/p>\n<p><a href=\"https:\/\/catalog.weidmueller.com\/catalog\/Start.do;jsessionid=DAC079EBACC41FA12B5B3918F9226F2E?ObjectID=9200580000&amp;page=Product\">Catalogue (weidmuller.com)<\/a><\/p>\n","protected":false},"excerpt":{"rendered":"<p>Terminal manguitos M 16 a 22 AWG<\/p>\n<p>&nbsp;<\/p>\n","protected":false},"featured_media":6305,"template":"","meta":{"site-sidebar-layout":"default","site-content-layout":"default","ast-site-content-layout":"default","site-content-style":"default","site-sidebar-style":"default","ast-global-header-display":"","ast-banner-title-visibility":"","ast-main-header-display":"","ast-hfb-above-header-display":"","ast-hfb-below-header-display":"","ast-hfb-mobile-header-display":"","site-post-title":"","ast-breadcrumbs-content":"","ast-featured-img":"","footer-sml-layout":"","theme-transparent-header-meta":"default","adv-header-id-meta":"","stick-header-meta":"","header-above-stick-meta":"","header-main-stick-meta":"","header-below-stick-meta":"","astra-migrate-meta-layouts":"default","ast-page-background-enabled":"default","ast-page-background-meta":{"desktop":{"background-color":"var(--ast-global-color-4)","background-image":"","background-repeat":"repeat","background-position":"center center","background-size":"auto","background-attachment":"scroll","background-type":"","background-media":"","overlay-type":"","overlay-color":"","overlay-opacity":"","overlay-gradient":""},"tablet":{"background-color":"","background-image":"","background-repeat":"repeat","background-position":"center center","background-size":"auto","background-attachment":"scroll","background-type":"","background-media":"","overlay-type":"","overlay-color":"","overlay-opacity":"","overlay-gradient":""},"mobile":{"background-color":"","background-image":"","background-repeat":"repeat","background-position":"center center","background-size":"auto","background-attachment":"scroll","background-type":"","background-media":"","overlay-type":"","overlay-color":"","overlay-opacity":"","overlay-gradient":""}},"ast-content-background-meta":{"desktop":{"background-color":"var(--ast-global-color-5)","background-image":"","background-repeat":"repeat","background-position":"center center","background-size":"auto","background-attachment":"scroll","background-type":"","background-media":"","overlay-type":"","overlay-color":"","overlay-opacity":"","overlay-gradient":""},"tablet":{"background-color":"var(--ast-global-color-5)","background-image":"","background-repeat":"repeat","background-position":"center center","background-size":"auto","background-attachment":"scroll","background-type":"","background-media":"","overlay-type":"","overlay-color":"","overlay-opacity":"","overlay-gradient":""},"mobile":{"background-color":"var(--ast-global-color-5)","background-image":"","background-repeat":"repeat","background-position":"center center","background-size":"auto","background-attachment":"scroll","background-type":"","background-media":"","overlay-type":"","overlay-color":"","overlay-opacity":"","overlay-gradient":""}}},"product_brand":[],"product_cat":[65],"product_tag":[102],"class_list":{"0":"post-5489","1":"product","2":"type-product","3":"status-publish","4":"has-post-thumbnail","6":"product_cat-automatizacion","7":"product_tag-102","8":"desktop-align-center","9":"tablet-align-left","10":"mobile-align-left","12":"first","13":"instock","14":"taxable","15":"shipping-taxable","16":"purchasable","17":"product-type-simple"},"_links":{"self":[{"href":"https:\/\/tiendaenlinea.hlglobalelectric.com\/magento\/wp-json\/wp\/v2\/product\/5489","targetHints":{"allow":["GET"]}}],"collection":[{"href":"https:\/\/tiendaenlinea.hlglobalelectric.com\/magento\/wp-json\/wp\/v2\/product"}],"about":[{"href":"https:\/\/tiendaenlinea.hlglobalelectric.com\/magento\/wp-json\/wp\/v2\/types\/product"}],"wp:featuredmedia":[{"embeddable":true,"href":"https:\/\/tiendaenlinea.hlglobalelectric.com\/magento\/wp-json\/wp\/v2\/media\/6305"}],"wp:attachment":[{"href":"https:\/\/tiendaenlinea.hlglobalelectric.com\/magento\/wp-json\/wp\/v2\/media?parent=5489"}],"wp:term":[{"taxonomy":"product_brand","embeddable":true,"href":"https:\/\/tiendaenlinea.hlglobalelectric.com\/magento\/wp-json\/wp\/v2\/product_brand?post=5489"},{"taxonomy":"product_cat","embeddable":true,"href":"https:\/\/tiendaenlinea.hlglobalelectric.com\/magento\/wp-json\/wp\/v2\/product_cat?post=5489"},{"taxonomy":"product_tag","embeddable":true,"href":"https:\/\/tiendaenlinea.hlglobalelectric.com\/magento\/wp-json\/wp\/v2\/product_tag?post=5489"}],"curies":[{"name":"wp","href":"https:\/\/api.w.org\/{rel}","templated":true}]}}