{"id":5415,"date":"2023-08-03T23:18:00","date_gmt":"2023-08-03T23:18:00","guid":{"rendered":"https:\/\/tiendaenlinea.hlglobalelectric.com\/magento\/producto\/1569100000\/"},"modified":"2023-09-12T16:19:23","modified_gmt":"2023-09-12T16:19:23","slug":"1569100000","status":"publish","type":"product","link":"https:\/\/tiendaenlinea.hlglobalelectric.com\/magento\/producto\/1569100000\/","title":{"rendered":"1569100000"},"content":{"rendered":"<p>VG MS (prensaestopas de lat\u00f3n est\u00e1ndar), prensaestopas, rectos, PG 16, 6,5 mm, DE min. 10 &#8211; DE max. 14 mm, IP54, IP66, IP67, IP68 &#8211; 5 bar (30 min.), IP69K, Lat\u00f3n, niquelado, VG 16-MS68<\/p>\n<p><strong>Paquete con 25 piezas\u00a0<\/strong><\/p>\n<p>En caso de requerir m\u00e1s informaci\u00f3n t\u00e9cnica , contactar a su vendedor.<\/p>\n<p><a href=\"https:\/\/catalog.weidmueller.com\/catalog\/Start.do;jsessionid=99948371CE4F603558A9959231E1BE1A?ObjectID=1569100000&amp;page=Product\">Ficha T\u00e9cnica<\/a><\/p>\n","protected":false},"excerpt":{"rendered":"<p>Conectores gl\u00e1ndula met\u00e1lico PG16 6.5mm<\/p>\n<p>&nbsp;<\/p>\n","protected":false},"featured_media":6490,"template":"","meta":{"site-sidebar-layout":"default","site-content-layout":"default","ast-site-content-layout":"default","site-content-style":"default","site-sidebar-style":"default","ast-global-header-display":"","ast-banner-title-visibility":"","ast-main-header-display":"","ast-hfb-above-header-display":"","ast-hfb-below-header-display":"","ast-hfb-mobile-header-display":"","site-post-title":"","ast-breadcrumbs-content":"","ast-featured-img":"","footer-sml-layout":"","theme-transparent-header-meta":"default","adv-header-id-meta":"","stick-header-meta":"","header-above-stick-meta":"","header-main-stick-meta":"","header-below-stick-meta":"","astra-migrate-meta-layouts":"default","ast-page-background-enabled":"default","ast-page-background-meta":{"desktop":{"background-color":"var(--ast-global-color-4)","background-image":"","background-repeat":"repeat","background-position":"center center","background-size":"auto","background-attachment":"scroll","background-type":"","background-media":"","overlay-type":"","overlay-color":"","overlay-opacity":"","overlay-gradient":""},"tablet":{"background-color":"","background-image":"","background-repeat":"repeat","background-position":"center center","background-size":"auto","background-attachment":"scroll","background-type":"","background-media":"","overlay-type":"","overlay-color":"","overlay-opacity":"","overlay-gradient":""},"mobile":{"background-color":"","background-image":"","background-repeat":"repeat","background-position":"center center","background-size":"auto","background-attachment":"scroll","background-type":"","background-media":"","overlay-type":"","overlay-color":"","overlay-opacity":"","overlay-gradient":""}},"ast-content-background-meta":{"desktop":{"background-color":"var(--ast-global-color-5)","background-image":"","background-repeat":"repeat","background-position":"center center","background-size":"auto","background-attachment":"scroll","background-type":"","background-media":"","overlay-type":"","overlay-color":"","overlay-opacity":"","overlay-gradient":""},"tablet":{"background-color":"var(--ast-global-color-5)","background-image":"","background-repeat":"repeat","background-position":"center center","background-size":"auto","background-attachment":"scroll","background-type":"","background-media":"","overlay-type":"","overlay-color":"","overlay-opacity":"","overlay-gradient":""},"mobile":{"background-color":"var(--ast-global-color-5)","background-image":"","background-repeat":"repeat","background-position":"center center","background-size":"auto","background-attachment":"scroll","background-type":"","background-media":"","overlay-type":"","overlay-color":"","overlay-opacity":"","overlay-gradient":""}}},"product_brand":[],"product_cat":[65],"product_tag":[107],"class_list":{"0":"post-5415","1":"product","2":"type-product","3":"status-publish","4":"has-post-thumbnail","6":"product_cat-automatizacion","7":"product_tag-107","8":"desktop-align-center","9":"tablet-align-left","10":"mobile-align-left","12":"first","13":"instock","14":"taxable","15":"shipping-taxable","16":"purchasable","17":"product-type-simple"},"_links":{"self":[{"href":"https:\/\/tiendaenlinea.hlglobalelectric.com\/magento\/wp-json\/wp\/v2\/product\/5415","targetHints":{"allow":["GET"]}}],"collection":[{"href":"https:\/\/tiendaenlinea.hlglobalelectric.com\/magento\/wp-json\/wp\/v2\/product"}],"about":[{"href":"https:\/\/tiendaenlinea.hlglobalelectric.com\/magento\/wp-json\/wp\/v2\/types\/product"}],"wp:featuredmedia":[{"embeddable":true,"href":"https:\/\/tiendaenlinea.hlglobalelectric.com\/magento\/wp-json\/wp\/v2\/media\/6490"}],"wp:attachment":[{"href":"https:\/\/tiendaenlinea.hlglobalelectric.com\/magento\/wp-json\/wp\/v2\/media?parent=5415"}],"wp:term":[{"taxonomy":"product_brand","embeddable":true,"href":"https:\/\/tiendaenlinea.hlglobalelectric.com\/magento\/wp-json\/wp\/v2\/product_brand?post=5415"},{"taxonomy":"product_cat","embeddable":true,"href":"https:\/\/tiendaenlinea.hlglobalelectric.com\/magento\/wp-json\/wp\/v2\/product_cat?post=5415"},{"taxonomy":"product_tag","embeddable":true,"href":"https:\/\/tiendaenlinea.hlglobalelectric.com\/magento\/wp-json\/wp\/v2\/product_tag?post=5415"}],"curies":[{"name":"wp","href":"https:\/\/api.w.org\/{rel}","templated":true}]}}