{"id":5401,"date":"2023-08-03T23:17:58","date_gmt":"2023-08-03T23:17:58","guid":{"rendered":"https:\/\/tiendaenlinea.hlglobalelectric.com\/magento\/producto\/1569000000\/"},"modified":"2025-03-16T04:27:52","modified_gmt":"2025-03-16T04:27:52","slug":"1569000000","status":"publish","type":"product","link":"https:\/\/tiendaenlinea.hlglobalelectric.com\/magento\/producto\/1569000000\/","title":{"rendered":"1569000000"},"content":{"rendered":"<p>VG K (prensaestopas de pl\u00e1stico est\u00e1ndar), prensaestopas, recto, PG 13,5, 10 mm, DE min. 6 &#8211; DE max. 12 mm, IP54, IP66, IP67, IP68 &#8211; 5 bar (30 min.), Poliamida 6, VG 13.5-K68<\/p>\n<p><strong>Paquete con 50 piezas\u00a0<\/strong><\/p>\n<p>En caso de requerir m\u00e1s informaci\u00f3n t\u00e9cnica , contactar a su vendedor.<\/p>\n<p>Ficha T\u00e9cnica:<\/p>\n<p><a href=\"https:\/\/catalog.weidmueller.com\/catalog\/Start.do;jsessionid=97A1056C82259DDBB3F7F70D34F126FE?ObjectID=1569000000&amp;page=Product\">Catalogue (weidmuller.com)<\/a><\/p>\n","protected":false},"excerpt":{"rendered":"<p>Conectores gl\u00e1ndula pl\u00e1stico PG13.5 10mm<\/p>\n<p><strong>Paquete con 50 piezas\u00a0<\/strong><\/p>\n","protected":false},"featured_media":6512,"template":"","meta":{"site-sidebar-layout":"default","site-content-layout":"default","ast-site-content-layout":"default","site-content-style":"default","site-sidebar-style":"default","ast-global-header-display":"","ast-banner-title-visibility":"","ast-main-header-display":"","ast-hfb-above-header-display":"","ast-hfb-below-header-display":"","ast-hfb-mobile-header-display":"","site-post-title":"","ast-breadcrumbs-content":"","ast-featured-img":"","footer-sml-layout":"","theme-transparent-header-meta":"default","adv-header-id-meta":"","stick-header-meta":"","header-above-stick-meta":"","header-main-stick-meta":"","header-below-stick-meta":"","astra-migrate-meta-layouts":"default","ast-page-background-enabled":"default","ast-page-background-meta":{"desktop":{"background-color":"var(--ast-global-color-4)","background-image":"","background-repeat":"repeat","background-position":"center center","background-size":"auto","background-attachment":"scroll","background-type":"","background-media":"","overlay-type":"","overlay-color":"","overlay-opacity":"","overlay-gradient":""},"tablet":{"background-color":"","background-image":"","background-repeat":"repeat","background-position":"center center","background-size":"auto","background-attachment":"scroll","background-type":"","background-media":"","overlay-type":"","overlay-color":"","overlay-opacity":"","overlay-gradient":""},"mobile":{"background-color":"","background-image":"","background-repeat":"repeat","background-position":"center center","background-size":"auto","background-attachment":"scroll","background-type":"","background-media":"","overlay-type":"","overlay-color":"","overlay-opacity":"","overlay-gradient":""}},"ast-content-background-meta":{"desktop":{"background-color":"var(--ast-global-color-5)","background-image":"","background-repeat":"repeat","background-position":"center center","background-size":"auto","background-attachment":"scroll","background-type":"","background-media":"","overlay-type":"","overlay-color":"","overlay-opacity":"","overlay-gradient":""},"tablet":{"background-color":"var(--ast-global-color-5)","background-image":"","background-repeat":"repeat","background-position":"center center","background-size":"auto","background-attachment":"scroll","background-type":"","background-media":"","overlay-type":"","overlay-color":"","overlay-opacity":"","overlay-gradient":""},"mobile":{"background-color":"var(--ast-global-color-5)","background-image":"","background-repeat":"repeat","background-position":"center center","background-size":"auto","background-attachment":"scroll","background-type":"","background-media":"","overlay-type":"","overlay-color":"","overlay-opacity":"","overlay-gradient":""}}},"product_brand":[292],"product_cat":[65],"product_tag":[107],"class_list":{"0":"post-5401","1":"product","2":"type-product","3":"status-publish","4":"has-post-thumbnail","6":"product_brand-weidmuller","7":"product_cat-automatizacion","8":"product_tag-107","9":"desktop-align-center","10":"tablet-align-left","11":"mobile-align-left","13":"first","14":"instock","15":"taxable","16":"shipping-taxable","17":"purchasable","18":"product-type-simple"},"_links":{"self":[{"href":"https:\/\/tiendaenlinea.hlglobalelectric.com\/magento\/wp-json\/wp\/v2\/product\/5401","targetHints":{"allow":["GET"]}}],"collection":[{"href":"https:\/\/tiendaenlinea.hlglobalelectric.com\/magento\/wp-json\/wp\/v2\/product"}],"about":[{"href":"https:\/\/tiendaenlinea.hlglobalelectric.com\/magento\/wp-json\/wp\/v2\/types\/product"}],"wp:featuredmedia":[{"embeddable":true,"href":"https:\/\/tiendaenlinea.hlglobalelectric.com\/magento\/wp-json\/wp\/v2\/media\/6512"}],"wp:attachment":[{"href":"https:\/\/tiendaenlinea.hlglobalelectric.com\/magento\/wp-json\/wp\/v2\/media?parent=5401"}],"wp:term":[{"taxonomy":"product_brand","embeddable":true,"href":"https:\/\/tiendaenlinea.hlglobalelectric.com\/magento\/wp-json\/wp\/v2\/product_brand?post=5401"},{"taxonomy":"product_cat","embeddable":true,"href":"https:\/\/tiendaenlinea.hlglobalelectric.com\/magento\/wp-json\/wp\/v2\/product_cat?post=5401"},{"taxonomy":"product_tag","embeddable":true,"href":"https:\/\/tiendaenlinea.hlglobalelectric.com\/magento\/wp-json\/wp\/v2\/product_tag?post=5401"}],"curies":[{"name":"wp","href":"https:\/\/api.w.org\/{rel}","templated":true}]}}